 {"id":2715,"date":"2024-06-11T09:31:11","date_gmt":"2024-06-11T02:31:11","guid":{"rendered":"http:\/\/dtp-education.com\/san-pham\/tieng-anh-7-right-on\/"},"modified":"2023-06-30T14:24:46","modified_gmt":"2023-06-30T07:24:46","slug":"tieng-anh-7-right-on","status":"publish","type":"product","link":"https:\/\/dtp-education.com\/en\/san-pham\/tieng-anh-7-right-on\/","title":{"rendered":"Tieng Anh 7 Right On!"},"content":{"rendered":"","protected":false},"excerpt":{"rendered":"<table>\n<tbody>\n<tr>\n<td>Category:<\/td>\n<td>Preschool English books<\/td>\n<\/tr>\n<tr>\n<td>Publisher:<\/td>\n<td>Ho Chi Minh City University of Education Publishing House<\/td>\n<\/tr>\n<tr>\n<td>CEFR:<\/td>\n<td>A1<\/td>\n<\/tr>\n<tr>\n<td>Number of levels:<\/td>\n<td>6-11<\/td>\n<\/tr>\n<tr>\n<td>Age:<\/td>\n<td>6-11<\/td>\n<\/tr>\n<tr>\n<td>Size:<\/td>\n<td>40 x 60<\/td>\n<\/tr>\n<tr>\n<td>Compiled by:<\/td>\n<td>T\u1eadp \u0111o\u00e0n Gi\u00e1o d\u1ee5c \u0110\u1ea1i Tr\u01b0\u1eddng Ph\u00e1t Education<\/td>\n<\/tr>\n<\/tbody>\n<\/table>\n","protected":false},"featured_media":2483,"comment_status":"open","ping_status":"closed","template":"","meta":{"inline_featured_image":false},"product_cat":[62,67],"product_tag":[],"acf":[],"_links":{"self":[{"href":"https:\/\/dtp-education.com\/en\/wp-json\/wp\/v2\/product\/2715"}],"collection":[{"href":"https:\/\/dtp-education.com\/en\/wp-json\/wp\/v2\/product"}],"about":[{"href":"https:\/\/dtp-education.com\/en\/wp-json\/wp\/v2\/types\/product"}],"replies":[{"embeddable":true,"href":"https:\/\/dtp-education.com\/en\/wp-json\/wp\/v2\/comments?post=2715"}],"wp:featuredmedia":[{"embeddable":true,"href":"https:\/\/dtp-education.com\/en\/wp-json\/wp\/v2\/media\/2483"}],"wp:attachment":[{"href":"https:\/\/dtp-education.com\/en\/wp-json\/wp\/v2\/media?parent=2715"}],"wp:term":[{"taxonomy":"product_cat","embeddable":true,"href":"https:\/\/dtp-education.com\/en\/wp-json\/wp\/v2\/product_cat?post=2715"},{"taxonomy":"product_tag","embeddable":true,"href":"https:\/\/dtp-education.com\/en\/wp-json\/wp\/v2\/product_tag?post=2715"}],"curies":[{"name":"wp","href":"https:\/\/api.w.org\/{rel}","templated":true}]}}