 {"id":2717,"date":"2024-06-11T09:58:58","date_gmt":"2024-06-11T02:58:58","guid":{"rendered":"http:\/\/dtp-education.com\/san-pham\/tieng-anh-1-i-learn-smart-start\/"},"modified":"2023-07-02T22:52:32","modified_gmt":"2023-07-02T15:52:32","slug":"tieng-anh-1-i-learn-smart-start","status":"publish","type":"product","link":"https:\/\/dtp-education.com\/en\/san-pham\/tieng-anh-1-i-learn-smart-start\/","title":{"rendered":"Tieng Anh 1 i-Learn Smart Start"},"content":{"rendered":"","protected":false},"excerpt":{"rendered":"<table style=\"border-collapse: collapse; width: 24.4867%; height: 224px;\">\n<tbody>\n<tr style=\"height: 56px;\">\n<td style=\"width: 50%; height: 56px;\">Danh m\u1ee5c:<\/td>\n<td style=\"width: 50%; height: 56px;\">S\u00e1ch ti\u1ebfng Anh m\u1ea7m non<\/td>\n<\/tr>\n<tr style=\"height: 28px;\">\n<td style=\"width: 50%; height: 28px;\">Nh\u00e0 xu\u1ea5t b\u1ea3n:<\/td>\n<td style=\"width: 50%; height: 28px;\">NXB \u0110\u1ea1i h\u1ecdc S\u01b0 ph\u1ea1m TP.HCM<\/td>\n<\/tr>\n<tr style=\"height: 28px;\">\n<td style=\"width: 50%; height: 28px;\">CEFR:<\/td>\n<td style=\"width: 50%; height: 28px;\">A1<\/td>\n<\/tr>\n<tr style=\"height: 28px;\">\n<td style=\"width: 50%; height: 28px;\">S\u1ed1 c\u1ea5p \u0111\u1ed9:<\/td>\n<td style=\"width: 50%; height: 28px;\">6-11<\/td>\n<\/tr>\n<tr style=\"height: 28px;\">\n<td style=\"width: 50%; height: 28px;\">Tu\u1ed5i:<\/td>\n<td style=\"width: 50%; height: 28px;\">6-11<\/td>\n<\/tr>\n<tr style=\"height: 28px;\">\n<td style=\"width: 50%; height: 28px;\">K\u00edch th\u01b0\u1edbc:<\/td>\n<td style=\"width: 50%; height: 28px;\">40 x 60<\/td>\n<\/tr>\n<tr style=\"height: 28px;\">\n<td style=\"width: 50%; height: 28px;\">Bi\u00ean so\u1ea1n b\u1edfi:<\/td>\n<td style=\"width: 50%; height: 28px;\">T\u1eadp \u0111o\u00e0n Gi\u00e1o d\u1ee5c \u0110\u1ea1i Tr\u01b0\u1eddng Ph\u00e1t Education<\/td>\n<\/tr>\n<\/tbody>\n<\/table>\n","protected":false},"featured_media":2474,"comment_status":"open","ping_status":"closed","template":"","meta":{"inline_featured_image":false},"product_cat":[69],"product_tag":[],"acf":[],"_links":{"self":[{"href":"https:\/\/dtp-education.com\/en\/wp-json\/wp\/v2\/product\/2717"}],"collection":[{"href":"https:\/\/dtp-education.com\/en\/wp-json\/wp\/v2\/product"}],"about":[{"href":"https:\/\/dtp-education.com\/en\/wp-json\/wp\/v2\/types\/product"}],"replies":[{"embeddable":true,"href":"https:\/\/dtp-education.com\/en\/wp-json\/wp\/v2\/comments?post=2717"}],"wp:featuredmedia":[{"embeddable":true,"href":"https:\/\/dtp-education.com\/en\/wp-json\/wp\/v2\/media\/2474"}],"wp:attachment":[{"href":"https:\/\/dtp-education.com\/en\/wp-json\/wp\/v2\/media?parent=2717"}],"wp:term":[{"taxonomy":"product_cat","embeddable":true,"href":"https:\/\/dtp-education.com\/en\/wp-json\/wp\/v2\/product_cat?post=2717"},{"taxonomy":"product_tag","embeddable":true,"href":"https:\/\/dtp-education.com\/en\/wp-json\/wp\/v2\/product_tag?post=2717"}],"curies":[{"name":"wp","href":"https:\/\/api.w.org\/{rel}","templated":true}]}}