 {"id":2795,"date":"2022-11-05T11:06:48","date_gmt":"2022-11-05T04:06:48","guid":{"rendered":"http:\/\/dtp-education.com\/san-pham\/cylet-practice-tests-movers\/"},"modified":"2023-06-30T16:00:03","modified_gmt":"2023-06-30T09:00:03","slug":"practice-tests-a1-movers","status":"publish","type":"product","link":"https:\/\/dtp-education.com\/en\/san-pham\/practice-tests-a1-movers\/","title":{"rendered":"Practice Tests A1 Movers"},"content":{"rendered":"","protected":false},"excerpt":{"rendered":"<table style=\"border-collapse: collapse; width: 24.4867%; height: 224px;\">\n<tbody>\n<tr style=\"height: 56px;\">\n<td style=\"width: 50%; height: 56px;\">Category:<\/td>\n<td style=\"width: 50%; height: 56px;\">Preschool English books<\/td>\n<\/tr>\n<tr style=\"height: 28px;\">\n<td style=\"width: 50%; height: 28px;\">Publisher:<\/td>\n<td style=\"width: 50%; height: 28px;\">Ho Chi Minh City University of Education Publishing House<\/td>\n<\/tr>\n<tr style=\"height: 28px;\">\n<td style=\"width: 50%; height: 28px;\">CEFR:<\/td>\n<td style=\"width: 50%; height: 28px;\">A1<\/td>\n<\/tr>\n<tr style=\"height: 28px;\">\n<td style=\"width: 50%; height: 28px;\">Number of levels:<\/td>\n<td style=\"width: 50%; height: 28px;\">6-11<\/td>\n<\/tr>\n<tr style=\"height: 28px;\">\n<td style=\"width: 50%; height: 28px;\">Age:<\/td>\n<td style=\"width: 50%; height: 28px;\">6-11<\/td>\n<\/tr>\n<tr style=\"height: 28px;\">\n<td style=\"width: 50%; height: 28px;\">Size:<\/td>\n<td style=\"width: 50%; height: 28px;\">40 x 60<\/td>\n<\/tr>\n<tr style=\"height: 28px;\">\n<td style=\"width: 50%; height: 28px;\">Edited by:<\/td>\n<td style=\"width: 50%; height: 28px;\">T\u1eadp \u0111o\u00e0n Gi\u00e1o d\u1ee5c \u0110\u1ea1i Tr\u01b0\u1eddng Ph\u00e1t Education<\/td>\n<\/tr>\n<\/tbody>\n<\/table>\n","protected":false},"featured_media":2523,"comment_status":"open","ping_status":"closed","template":"","meta":{"inline_featured_image":false},"product_cat":[70,74],"product_tag":[],"acf":[],"_links":{"self":[{"href":"https:\/\/dtp-education.com\/en\/wp-json\/wp\/v2\/product\/2795"}],"collection":[{"href":"https:\/\/dtp-education.com\/en\/wp-json\/wp\/v2\/product"}],"about":[{"href":"https:\/\/dtp-education.com\/en\/wp-json\/wp\/v2\/types\/product"}],"replies":[{"embeddable":true,"href":"https:\/\/dtp-education.com\/en\/wp-json\/wp\/v2\/comments?post=2795"}],"wp:featuredmedia":[{"embeddable":true,"href":"https:\/\/dtp-education.com\/en\/wp-json\/wp\/v2\/media\/2523"}],"wp:attachment":[{"href":"https:\/\/dtp-education.com\/en\/wp-json\/wp\/v2\/media?parent=2795"}],"wp:term":[{"taxonomy":"product_cat","embeddable":true,"href":"https:\/\/dtp-education.com\/en\/wp-json\/wp\/v2\/product_cat?post=2795"},{"taxonomy":"product_tag","embeddable":true,"href":"https:\/\/dtp-education.com\/en\/wp-json\/wp\/v2\/product_tag?post=2795"}],"curies":[{"name":"wp","href":"https:\/\/api.w.org\/{rel}","templated":true}]}}